{"id":107,"date":"2025-10-06T17:04:27","date_gmt":"2025-10-06T17:04:27","guid":{"rendered":"https:\/\/kosmetologkatowice.pl\/?page_id=107"},"modified":"2025-11-04T13:17:27","modified_gmt":"2025-11-04T13:17:27","slug":"polityka-prywatnosci","status":"publish","type":"page","link":"https:\/\/kosmetologkatowice.pl\/index.php\/polityka-prywatnosci\/","title":{"rendered":"Polityka prywatno\u015bci"},"content":{"rendered":"\n<p><\/p>\n\n\n\n<p>I. Postanowienia og\u00f3lne<br>1. Polityka prywatno\u015bci okre\u015bla, jak zbierane, przetwarzane i przechowywane s\u0105 dane osobowe U\u017cytkownik\u00f3w niezb\u0119dne do \u015bwiadczenia us\u0142ug drog\u0105 elektroniczn\u0105 za po\u015brednictwem serwisu internetowego www.kosmetologkatowice.pl (dalej: Serwis).<br>2. Serwis zbiera wy\u0142\u0105cznie dane osobowe niezb\u0119dne do \u015bwiadczenia i rozwoju us\u0142ug w nim oferowanych.<br>3. Dane osobowe zbierane za po\u015brednictwem Serwisu s\u0105 przetwarzane zgodnie z Rozporz\u0105dzeniem Parlamentu Europejskiego i Rady (UE) 2016\/679 z dnia 27 kwietnia 2016 r. w sprawie ochrony os\u00f3b fizycznych w zwi\u0105zku z przetwarzaniem danych osobowych i w sprawie swobodnego przep\u0142ywu takich danych oraz uchylenia dyrektywy 95\/46\/WE (og\u00f3lne rozporz\u0105dzenie o ochronie danych, dalej RODO) oraz ustaw\u0105 o ochronie danych osobowych z dnia 10 maja 2018 r.<\/p>\n\n\n\n<p>II. Administrator danych<br>Administratorem danych osobowych zbieranych poprzez Serwis jest Skin Concept Aleksandra Nowicka, NIP: 9542867964, adres poczty elektronicznej: nowickakosmetolog@gmail.com (dalej: Administrator).<\/p>\n\n\n\n<p>III. Cel zbierania danych osobowych<br>1. Dane osobowe wykorzystywane s\u0105 w celu:<br>o realizacji umowy dotycz\u0105cej us\u0142ug i e-us\u0142ug,<br>o komunikacji z U\u017cytkownikiem (livechat, formularz kontaktowy itp.)<br>o \u015bwiadczenia us\u0142ug spo\u0142eczno\u015bciowych,<br>o promocji oferty Administratora,<br>o marketingu, remarketingu, afiliacji,<br>o personalizacji Serwisu dla U\u017cytkownik\u00f3w,<br>o dzia\u0142a\u0144 analitycznych i statystycznych,<br>2. Podanie danych jest dobrowolne, ale niezb\u0119dne do zawarcia umowy albo skorzystania z innych funkcjonalno\u015bci Serwisu.<\/p>\n\n\n\n<p>IV. Rodzaj przetwarzanych danych osobowych<br>Administrator mo\u017ce przetwarza\u0107 dane osobowe U\u017cytkownika: imi\u0119 i nazwisko, data urodzenia, adres zamieszkania, adres e-mail, numer telefonu, NIP.<\/p>\n\n\n\n<p>V. Okres przetwarzania danych osobowych<br>Dane osobowe U\u017cytkownik\u00f3w b\u0119d\u0105 przetwarzane przez okres:<br>\u2022 gdy podstaw\u0105 przetwarzania danych jest zgoda \u2013 do momentu jej odwo\u0142ania, a po odwo\u0142aniu zgody do przedawnienia roszcze\u0144.<br>W obu przypadkach termin przedawnienia wynosi 6 lat, a dla roszcze\u0144 o \u015bwiadczenia okresowe i roszcze\u0144 dotycz\u0105cych prowadzenia dzia\u0142alno\u015bci gospodarczej \u2013 3 lata (je\u015bli przepis szczeg\u00f3lny nie stanowi inaczej).<\/p>\n\n\n\n<p>VI. Udost\u0119pnianie danych osobowych<br>1. Dane osobowe U\u017cytkownik\u00f3w mog\u0105 by\u0107 przekazywane: podmiotom powi\u0105zanym z Administratorem, jego podwykonawcom, podmiotom wsp\u00f3\u0142pracuj\u0105cym z Administratorem np. firmom obs\u0142uguj\u0105cym e-p\u0142atno\u015bci, firmom \u015bwiadcz\u0105cym us\u0142ugi kurierskie\/pocztowe, kancelariom prawnym.<br>2. Dane osobowe U\u017cytkownik\u00f3w nie b\u0119d\u0105 przekazywane poza teren Europejskiego Obszaru Gospodarczego (EOG).<br>3. W Serwisie mog\u0105 pojawia\u0107 si\u0119 linki do innych stron internetowych. Takie strony internetowe dzia\u0142aj\u0105 niezale\u017cnie od Serwisu i nie s\u0105 w \u017caden spos\u00f3b nadzorowane przez Serwis. Strony te mog\u0105 posiada\u0107 w\u0142asne polityki dotycz\u0105ce prywatno\u015bci oraz regulaminy, z kt\u00f3rymi zalecamy si\u0119 zapozna\u0107.<br><\/p>\n\n\n\n<p>VII. Prawa U\u017cytkownik\u00f3w<br>1. U\u017cytkownik Serwisu ma prawo do: dost\u0119pu do tre\u015bci swoich danych osobowych, ich sprostowania, usuni\u0119cia, ograniczenia przetwarzania, przenoszenia, wniesienia sprzeciwu wobec przetwarzania, cofni\u0119cia zgody w ka\u017cdej chwili (co nie ma wp\u0142ywu na zgodno\u015b\u0107 z prawem przetwarzania dokonanego w oparciu o zgod\u0119 przed jej cofni\u0119ciem).<br>2. Zg\u0142oszenie o wyst\u0105pieniu przez U\u017cytkownika z uprawnieniem wynikaj\u0105cym z wymienionych praw nale\u017cy przes\u0142a\u0107 na adres nowickakosmetolog@gmail.com<br>3. Administrator spe\u0142nia lub odmawia spe\u0142nienia \u017c\u0105dania niezw\u0142ocznie \u2013 maksymalnie w ci\u0105gu miesi\u0105ca od jego otrzymania.<br>4. U\u017cytkownik ma prawo z\u0142o\u017cy\u0107 skarg\u0119 do Prezesa Urz\u0119du Ochrony Danych Osobowych, je\u015bli uzna, \u017ce przetwarzanie narusza jego prawa i wolno\u015bci (RODO).<\/p>\n\n\n\n<p>VIII. Pliki cookies<br>1. Poprzez piki \u201ccookies\u201d nale\u017cy rozumie\u0107 dane informatyczne przechowywane w urz\u0105dzeniach ko\u0144cowych u\u017cytkownik\u00f3w, przeznaczone do korzystania ze stron internetowych. W szczeg\u00f3lno\u015bci s\u0105 to pliki tekstowe, zawieraj\u0105ce nazw\u0119 strony internetowej, z kt\u00f3rej pochodz\u0105, czas przechowywania ich na urz\u0105dzeniu ko\u0144cowym oraz unikalny numer.<\/p>\n\n\n\n<p>2. Serwis nie zbiera w spos\u00f3b automatyczny \u017cadnych informacji, z wyj\u0105tkiem informacji zawartych w plikach cookies.<\/p>\n\n\n\n<p>3. Pliki cookies przeznaczone s\u0105 do korzystania ze stron serwisu. Operator wykorzystuje te pliki do:<br>a) mo\u017cliwo\u015bci logowania i utrzymywania sesji u\u017cytkownika na ka\u017cdej kolejnej stronie serwisu<br>b) dopasowania zawarto\u015bci strony internetowej do indywidualnych preferencji u\u017cytkownika, przede wszystkim pliki te rozpoznaj\u0105 jego urz\u0105dzenie, aby zgodnie z jego preferencjami wy\u015bwietli\u0107 stron\u0119<br>c) do tworzenia anonimowych statystyk z wy\u0142\u0105czeniem mo\u017cliwo\u015bci identyfikacji u\u017cytkownika.<\/p>\n\n\n\n<p>4. Pliki cookies wykorzystywane przez partner\u00f3w operatora strony internetowej, w tym w szczeg\u00f3lno\u015bci u\u017cytkownik\u00f3w strony internetowej, podlegaj\u0105 ich w\u0142asnej polityce prywatno\u015bci.<\/p>\n\n\n\n<p>5. W trosce o bezpiecze\u0144stwo powierzonych nam danych opracowali\u015bmy wewn\u0119trzne procedury i zalecenia, kt\u00f3re maj\u0105 zapobiec udost\u0119pnieniu danych osobom nieupowa\u017cnionym. Kontrolujemy ich wykonywanie i stale sprawdzamy ich zgodno\u015b\u0107 z odpowiednimi aktami prawnymi &#8211; ustaw\u0105 o ochronie danych osobowych, ustaw\u0105 o \u015bwiadczeniu us\u0142ug drog\u0105 elektroniczn\u0105, a tak\u017ce wszelkiego rodzaju aktach wykonawczych i aktach prawa wsp\u00f3lnotowego<\/p>\n\n\n\n<p>6. Standardowo oprogramowanie s\u0142u\u017c\u0105ce do przegl\u0105dania stron internetowych domy\u015blnie dopuszcza umieszczanie plik\u00f3w cookies na urz\u0105dzeniu ko\u0144cowym U\u017cytkownika. Ustawienia te mog\u0105 zosta\u0107 zmienione przez U\u017cytkownika w taki spos\u00f3b, aby blokowa\u0107 automatyczn\u0105 obs\u0142ug\u0119 \u201ccookies\u201d w ustawieniach przegl\u0105darki internetowej b\u0105d\u017a informowa\u0107 o ich ka\u017cdorazowym przes\u0142aniu na urz\u0105dzenia u\u017cytkownika.<\/p>\n\n\n\n<p>7. U\u017cytkownicy Serwisu mog\u0105 dokona\u0107 w ka\u017cdym czasie zmiany ustawie\u0144 dotycz\u0105cych plik\u00f3w cookies. Szczeg\u00f3\u0142owe informacje o mo\u017cliwo\u015bci i sposobach obs\u0142ugi plik\u00f3w cookies dost\u0119pne s\u0105 w ustawieniach oprogramowania (przegl\u0105darki internetowej). Przyk\u0142adowe opcje edytowania w popularnych przegl\u0105darkach:<br>&#8211; Mozilla Firefox:&nbsp;<a href=\"http:\/\/www.support.mozilla.org\/pl\/kb\/ciasteczka\">www.support.mozilla.org\/pl\/kb\/ciasteczka<\/a><br>&#8211; Internet Explorer:&nbsp;<a href=\"http:\/\/www.support.microsoft.com\/kb\/278835\/pl\">www.support.microsoft.com\/kb\/278835\/pl<\/a><br>&#8211; Google Chrome:&nbsp;<a href=\"http:\/\/www.support.google.com\/chrome\/bin\/answer.py?hl=pl&amp;answer=95647\">www.support.google.com\/chrome\/bin\/answer.py?hl=pl&amp;answer=95647<\/a><br>&#8211; Safari:&nbsp;<a href=\"http:\/\/www.safari.helpmax.net\/pl\/oszczedzanie-czasu\/blokowanie-zawartosci\/\">www.safari.helpmax.net\/pl\/oszczedzanie-czasu\/blokowanie-zawartosci\/<\/a><\/p>\n\n\n\n<p><br>8. Operator Serwisu informuje, \u017ce zmiany ustawie\u0144 w przegl\u0105darce internetowej u\u017cytkownika mog\u0105 uniemo\u017cliwi\u0107 poprawne dzia\u0142anie Stron Internetowych.<\/p>\n\n\n\n<p>IX. Zautomatyzowane podejmowanie decyzji i profilowanie<br>1. Dane U\u017cytkownik\u00f3w nie mog\u0105 by\u0107 przetwarzane w zautomatyzowany spos\u00f3b tak, \u017ce na skutek tego mog\u0142yby zapa\u015b\u0107 wobec nich jakiekolwiek decyzje.<br>2. Dane U\u017cytkownik\u00f3w mog\u0105 by\u0107 profilowane celem dostosowania tre\u015bci i personalizacji oferty po wyra\u017ceniu przez nich zgody.<\/p>\n\n\n\n<p>X. Postanowienia ko\u0144cowe<br>1. Administrator ma prawo do wprowadzenia zmian w Polityce prywatno\u015bci, przy czym prawa U\u017cytkownik\u00f3w nie zostan\u0105 ograniczone.<br>2. Informacja o wprowadzonych zmianach pojawi si\u0119 w formie komunikatu dost\u0119pnego w Serwisie.<br>3. W sprawach nieuregulowanych w niniejszej Polityce prywatno\u015bci obowi\u0105zuj\u0105 przepisy RODO i przepisy prawa polskiego.<\/p>\n\n\n\n<p><\/p>\n\n\n\n<p>Podstaw\u0105 prawn\u0105 przetwarzania danych osobowych w tym kontek\u015bcie jest art. 6 ust. 1 lit. c RODO oraz art. 6 ust. 1 lit. f RODO. Naszym uzasadnionym interesem jest zarz\u0105dzanie plikami cookie i podobnymi wykorzystywanymi technologiami oraz zwi\u0105zanymi z nimi zgodami.<\/p>\n\n\n\n<p>Podanie danych osobowych nie jest wymagane umownie ani konieczne do zawarcia umowy. Nie s\u0105 Pa\u0144stwo zobowi\u0105zani do podania danych osobowych. Je\u015bli nie podadz\u0105 Pa\u0144stwo danych osobowych, nie b\u0119dziemy mogli zarz\u0105dza\u0107 Pa\u0144stwa zgodami.<\/p>\n\n\n\n<p><\/p>\n","protected":false},"excerpt":{"rendered":"<p>I. Postanowienia og\u00f3lne1. Polityka prywatno\u015bci okre\u015bla, jak zbierane, przetwarzane i przechowywane s\u0105 dane osobowe U\u017cytkownik\u00f3w niezb\u0119dne do \u015bwiadczenia us\u0142ug drog\u0105 elektroniczn\u0105 za po\u015brednictwem serwisu internetowego www.kosmetologkatowice.pl (dalej: Serwis).2. Serwis zbiera wy\u0142\u0105cznie dane osobowe niezb\u0119dne do \u015bwiadczenia i rozwoju us\u0142ug w nim oferowanych.3. Dane osobowe zbierane za po\u015brednictwem Serwisu s\u0105 przetwarzane zgodnie z Rozporz\u0105dzeniem Parlamentu Europejskiego i Rady (UE) 2016\/679 z dnia 27 kwietnia 2016 r. w sprawie ochrony os\u00f3b fizycznych w zwi\u0105zku z przetwarzaniem danych osobowych i w sprawie swobodnego przep\u0142ywu takich danych oraz uchylenia dyrektywy 95\/46\/WE (og\u00f3lne rozporz\u0105dzenie o ochronie danych, dalej RODO) oraz ustaw\u0105 o ochronie danych osobowych z dnia 10 maja 2018 r. II. Administrator danychAdministratorem danych osobowych zbieranych poprzez Serwis jest Skin Concept Aleksandra Nowicka, NIP: 9542867964, adres poczty elektronicznej: nowickakosmetolog@gmail.com (dalej: Administrator). III. Cel zbierania danych osobowych1. Dane osobowe wykorzystywane s\u0105 w celu:o realizacji umowy dotycz\u0105cej us\u0142ug i e-us\u0142ug,o komunikacji z U\u017cytkownikiem (livechat, formularz kontaktowy itp.)o \u015bwiadczenia us\u0142ug spo\u0142eczno\u015bciowych,o promocji oferty Administratora,o marketingu, remarketingu, afiliacji,o personalizacji Serwisu dla U\u017cytkownik\u00f3w,o dzia\u0142a\u0144 analitycznych i statystycznych,2. Podanie danych jest dobrowolne, ale niezb\u0119dne do zawarcia umowy albo skorzystania z innych funkcjonalno\u015bci Serwisu. IV. Rodzaj przetwarzanych danych osobowychAdministrator mo\u017ce przetwarza\u0107 dane osobowe U\u017cytkownika: imi\u0119 i nazwisko, data urodzenia, adres zamieszkania, adres e-mail, numer telefonu, NIP. V. Okres przetwarzania danych osobowychDane osobowe U\u017cytkownik\u00f3w b\u0119d\u0105 przetwarzane przez okres:\u2022 gdy podstaw\u0105 przetwarzania danych jest zgoda \u2013 do momentu jej odwo\u0142ania, a po odwo\u0142aniu zgody do przedawnienia roszcze\u0144.W obu przypadkach termin przedawnienia wynosi 6 lat, a dla roszcze\u0144 o \u015bwiadczenia okresowe i roszcze\u0144 dotycz\u0105cych prowadzenia dzia\u0142alno\u015bci gospodarczej \u2013 3 lata (je\u015bli przepis szczeg\u00f3lny nie stanowi inaczej). VI. Udost\u0119pnianie danych osobowych1. Dane osobowe U\u017cytkownik\u00f3w mog\u0105 by\u0107 przekazywane: podmiotom powi\u0105zanym z Administratorem, jego podwykonawcom, podmiotom wsp\u00f3\u0142pracuj\u0105cym z Administratorem np. firmom obs\u0142uguj\u0105cym e-p\u0142atno\u015bci, firmom \u015bwiadcz\u0105cym us\u0142ugi kurierskie\/pocztowe, kancelariom prawnym.2. Dane osobowe U\u017cytkownik\u00f3w nie b\u0119d\u0105 przekazywane poza teren Europejskiego Obszaru Gospodarczego (EOG).3. W Serwisie mog\u0105 pojawia\u0107 si\u0119 linki do innych stron internetowych. Takie strony internetowe dzia\u0142aj\u0105 niezale\u017cnie od Serwisu i nie s\u0105 w \u017caden spos\u00f3b nadzorowane przez Serwis. Strony te mog\u0105 posiada\u0107 w\u0142asne polityki dotycz\u0105ce prywatno\u015bci oraz regulaminy, z kt\u00f3rymi zalecamy si\u0119 zapozna\u0107. VII. Prawa U\u017cytkownik\u00f3w1. U\u017cytkownik Serwisu ma prawo do: dost\u0119pu do tre\u015bci swoich danych osobowych, ich sprostowania, usuni\u0119cia, ograniczenia przetwarzania, przenoszenia, wniesienia sprzeciwu wobec przetwarzania, cofni\u0119cia zgody w ka\u017cdej chwili (co nie ma wp\u0142ywu na zgodno\u015b\u0107 z prawem przetwarzania dokonanego w oparciu o zgod\u0119 przed jej cofni\u0119ciem).2. Zg\u0142oszenie o wyst\u0105pieniu przez U\u017cytkownika z uprawnieniem wynikaj\u0105cym z wymienionych praw nale\u017cy przes\u0142a\u0107 na adres nowickakosmetolog@gmail.com3. Administrator spe\u0142nia lub odmawia spe\u0142nienia \u017c\u0105dania niezw\u0142ocznie \u2013 maksymalnie w ci\u0105gu miesi\u0105ca od jego otrzymania.4. U\u017cytkownik ma prawo z\u0142o\u017cy\u0107 skarg\u0119 do Prezesa Urz\u0119du Ochrony Danych Osobowych, je\u015bli uzna, \u017ce przetwarzanie narusza jego prawa i wolno\u015bci (RODO). VIII. Pliki cookies1. Poprzez piki \u201ccookies\u201d nale\u017cy rozumie\u0107 dane informatyczne przechowywane w urz\u0105dzeniach ko\u0144cowych u\u017cytkownik\u00f3w, przeznaczone do korzystania ze stron internetowych. W szczeg\u00f3lno\u015bci s\u0105 to pliki tekstowe, zawieraj\u0105ce nazw\u0119 strony internetowej, z kt\u00f3rej pochodz\u0105, czas przechowywania ich na urz\u0105dzeniu ko\u0144cowym oraz unikalny numer. 2. Serwis nie zbiera w spos\u00f3b automatyczny \u017cadnych informacji, z wyj\u0105tkiem informacji zawartych w plikach cookies. 3. Pliki cookies przeznaczone s\u0105 do korzystania ze stron serwisu. Operator wykorzystuje te pliki do:a) mo\u017cliwo\u015bci logowania i utrzymywania sesji u\u017cytkownika na ka\u017cdej kolejnej stronie serwisub) dopasowania zawarto\u015bci strony internetowej do indywidualnych preferencji u\u017cytkownika, przede wszystkim pliki te rozpoznaj\u0105 jego urz\u0105dzenie, aby zgodnie z jego preferencjami wy\u015bwietli\u0107 stron\u0119c) do tworzenia anonimowych statystyk z wy\u0142\u0105czeniem mo\u017cliwo\u015bci identyfikacji u\u017cytkownika. 4. Pliki cookies wykorzystywane przez partner\u00f3w operatora strony internetowej, w tym w szczeg\u00f3lno\u015bci u\u017cytkownik\u00f3w strony internetowej, podlegaj\u0105 ich w\u0142asnej polityce prywatno\u015bci. 5. W trosce o bezpiecze\u0144stwo powierzonych nam danych opracowali\u015bmy wewn\u0119trzne procedury i zalecenia, kt\u00f3re maj\u0105 zapobiec udost\u0119pnieniu danych osobom nieupowa\u017cnionym. Kontrolujemy ich wykonywanie i stale sprawdzamy ich zgodno\u015b\u0107 z odpowiednimi aktami prawnymi &#8211; ustaw\u0105 o ochronie danych osobowych, ustaw\u0105 o \u015bwiadczeniu us\u0142ug drog\u0105 elektroniczn\u0105, a tak\u017ce wszelkiego rodzaju aktach wykonawczych i aktach prawa wsp\u00f3lnotowego 6. Standardowo oprogramowanie s\u0142u\u017c\u0105ce do przegl\u0105dania stron internetowych domy\u015blnie dopuszcza umieszczanie plik\u00f3w cookies na urz\u0105dzeniu ko\u0144cowym U\u017cytkownika. Ustawienia te mog\u0105 zosta\u0107 zmienione przez U\u017cytkownika w taki spos\u00f3b, aby blokowa\u0107 automatyczn\u0105 obs\u0142ug\u0119 \u201ccookies\u201d w ustawieniach przegl\u0105darki internetowej b\u0105d\u017a informowa\u0107 o ich ka\u017cdorazowym przes\u0142aniu na urz\u0105dzenia u\u017cytkownika. 7. U\u017cytkownicy Serwisu mog\u0105 dokona\u0107 w ka\u017cdym czasie zmiany ustawie\u0144 dotycz\u0105cych plik\u00f3w cookies. Szczeg\u00f3\u0142owe informacje o mo\u017cliwo\u015bci i sposobach obs\u0142ugi plik\u00f3w cookies dost\u0119pne s\u0105 w ustawieniach oprogramowania (przegl\u0105darki internetowej). Przyk\u0142adowe opcje edytowania w popularnych przegl\u0105darkach:&#8211; Mozilla Firefox:&nbsp;www.support.mozilla.org\/pl\/kb\/ciasteczka&#8211; Internet Explorer:&nbsp;www.support.microsoft.com\/kb\/278835\/pl&#8211; Google Chrome:&nbsp;www.support.google.com\/chrome\/bin\/answer.py?hl=pl&amp;answer=95647&#8211; Safari:&nbsp;www.safari.helpmax.net\/pl\/oszczedzanie-czasu\/blokowanie-zawartosci\/ 8. Operator Serwisu informuje, \u017ce zmiany ustawie\u0144 w przegl\u0105darce internetowej u\u017cytkownika mog\u0105 uniemo\u017cliwi\u0107 poprawne dzia\u0142anie Stron Internetowych. IX. Zautomatyzowane podejmowanie decyzji i profilowanie1. Dane U\u017cytkownik\u00f3w nie mog\u0105 by\u0107 przetwarzane w zautomatyzowany spos\u00f3b tak, \u017ce na skutek tego mog\u0142yby zapa\u015b\u0107 wobec nich jakiekolwiek decyzje.2. Dane U\u017cytkownik\u00f3w mog\u0105 by\u0107 profilowane celem dostosowania tre\u015bci i personalizacji oferty po wyra\u017ceniu przez nich zgody. X. Postanowienia ko\u0144cowe1. Administrator ma prawo do wprowadzenia zmian w Polityce prywatno\u015bci, przy czym prawa U\u017cytkownik\u00f3w nie zostan\u0105 ograniczone.2. Informacja o wprowadzonych zmianach pojawi si\u0119 w formie komunikatu dost\u0119pnego w Serwisie.3. W sprawach nieuregulowanych w niniejszej Polityce prywatno\u015bci obowi\u0105zuj\u0105 przepisy RODO i przepisy prawa polskiego. Podstaw\u0105 prawn\u0105 przetwarzania danych osobowych w tym kontek\u015bcie jest art. 6 ust. 1 lit. c RODO oraz art. 6 ust. 1 lit. f RODO. Naszym uzasadnionym interesem jest zarz\u0105dzanie plikami cookie i podobnymi wykorzystywanymi technologiami oraz zwi\u0105zanymi z nimi zgodami. Podanie danych osobowych nie jest wymagane umownie ani konieczne do zawarcia umowy. Nie s\u0105 Pa\u0144stwo zobowi\u0105zani do podania danych osobowych. Je\u015bli nie podadz\u0105 Pa\u0144stwo danych osobowych, nie b\u0119dziemy mogli zarz\u0105dza\u0107 Pa\u0144stwa zgodami.<\/p>\n","protected":false},"author":1,"featured_media":0,"parent":0,"menu_order":0,"comment_status":"closed","ping_status":"closed","template":"","meta":{"footnotes":""},"class_list":["post-107","page","type-page","status-publish","hentry"],"_links":{"self":[{"href":"https:\/\/kosmetologkatowice.pl\/index.php\/wp-json\/wp\/v2\/pages\/107","targetHints":{"allow":["GET"]}}],"collection":[{"href":"https:\/\/kosmetologkatowice.pl\/index.php\/wp-json\/wp\/v2\/pages"}],"about":[{"href":"https:\/\/kosmetologkatowice.pl\/index.php\/wp-json\/wp\/v2\/types\/page"}],"author":[{"embeddable":true,"href":"https:\/\/kosmetologkatowice.pl\/index.php\/wp-json\/wp\/v2\/users\/1"}],"replies":[{"embeddable":true,"href":"https:\/\/kosmetologkatowice.pl\/index.php\/wp-json\/wp\/v2\/comments?post=107"}],"version-history":[{"count":3,"href":"https:\/\/kosmetologkatowice.pl\/index.php\/wp-json\/wp\/v2\/pages\/107\/revisions"}],"predecessor-version":[{"id":260,"href":"https:\/\/kosmetologkatowice.pl\/index.php\/wp-json\/wp\/v2\/pages\/107\/revisions\/260"}],"wp:attachment":[{"href":"https:\/\/kosmetologkatowice.pl\/index.php\/wp-json\/wp\/v2\/media?parent=107"}],"curies":[{"name":"wp","href":"https:\/\/api.w.org\/{rel}","templated":true}]}}