{"id":41,"date":"2025-08-18T16:16:58","date_gmt":"2025-08-18T16:16:58","guid":{"rendered":"https:\/\/kosmetologkatowice.pl\/?page_id=41"},"modified":"2025-10-29T11:52:27","modified_gmt":"2025-10-29T11:52:27","slug":"start","status":"publish","type":"page","link":"https:\/\/kosmetologkatowice.pl\/index.php\/start\/","title":{"rendered":"Cel? Zdrowa sk\u00f3ra!"},"content":{"rendered":"<div class=\"wp-block-image\">\n<figure class=\"aligncenter size-full is-resized\"><img loading=\"lazy\" decoding=\"async\" width=\"1000\" height=\"384\" src=\"https:\/\/kosmetologkatowice.pl\/wp-content\/uploads\/2025\/08\/cropped-Skin-concept-logo-1.png\" alt=\"gabinet kosmetyczny, zabieg na twarz, kosmetolog Katowice, kosmetolog \u015bl\u0105sk, kosmetolog sosnowiec, kosmetolog tychy, kosmetolog bytom, tr\u0105dzik, gabinet kosmetyczny \u015bl\u0105sk, kosmetyczka katowice, piel\u0119gnacja sk\u00f3ry, konsultacja kosmetyczna, oczyszczanie wodorowe, anti aging, beauty plan, mezoterpia, odm\u0142adzanie, rumie\u0144, przebarwienia, tr\u0105dzik r\u00f3\u017cowatykosmetolog holistyczny, kosmetologkatowice.pl, Skin Concept Aleksandra Nowicka, dobry kosmetolog, trycholog katowice\" class=\"wp-image-39\" style=\"width:695px;height:auto\" srcset=\"https:\/\/kosmetologkatowice.pl\/wp-content\/uploads\/2025\/08\/cropped-Skin-concept-logo-1.png 1000w, https:\/\/kosmetologkatowice.pl\/wp-content\/uploads\/2025\/08\/cropped-Skin-concept-logo-1-300x115.png 300w, https:\/\/kosmetologkatowice.pl\/wp-content\/uploads\/2025\/08\/cropped-Skin-concept-logo-1-768x295.png 768w\" sizes=\"auto, (max-width: 1000px) 100vw, 1000px\" \/><\/figure>\n<\/div>\n\n\n<p>Jestem magistrem kosmetologii, terapeut\u0105 sk\u00f3ry i trychologiem. Tworz\u0119 w Katowicach gabinet kosmetologii holistycznej Skin Concept Aleksandra Nowicka, czyli przestrze\u0144 \u015bwiadomego sk\u00f3rodbania. Jest mi niezmiernie mi\u0142o, \u017ce jeste\u015b tutaj ze mn\u0105!<\/p>\n\n\n\n<p>Je\u015bli niezale\u017cnie od wieku, p\u0142ci, stanu i rodzaju Twojej sk\u00f3ry pragniesz, aby by\u0142a ona zdrowa i w jak najlepszej mo\u017cliwej kondycji, to dobrze trafi\u0142e\u015b!<\/p>\n\n\n\n<p>Nie czekaj i ju\u017c teraz zarezerwuj swoj\u0105 wizyt\u0119!<\/p>\n\n\n\n<p><a href=\"https:\/\/booksy.com\/pl-pl\/236250_skin-concept-aleksandra-nowicka_salon-kosmetyczny_11597_katowice#ba_s=seo\" data-type=\"link\" data-id=\"https:\/\/booksy.com\/pl-pl\/236250_skin-concept-aleksandra-nowicka_salon-kosmetyczny_11597_katowice#ba_s=seo\" target=\"_blank\" rel=\"noreferrer noopener\">ZAREZERWUJ SW\u00d3J TERMIN!<\/a><\/p>\n\n\n\n<p>A je\u015bli chcesz dowiedzie\u0107 si\u0119 o mnie wi\u0119cej, zapraszam Ci\u0119 do zak\u0142adki <a href=\"https:\/\/kosmetologkatowice.pl\/index.php\/o-mnie\/\" data-type=\"page\" data-id=\"40\">O MNIE<\/a>.<\/p>\n\n\n\n<p><\/p>\n","protected":false},"excerpt":{"rendered":"<p>Jestem magistrem kosmetologii, terapeut\u0105 sk\u00f3ry i trychologiem. Tworz\u0119 w Katowicach gabinet kosmetologii holistycznej Skin Concept Aleksandra Nowicka, czyli przestrze\u0144 \u015bwiadomego sk\u00f3rodbania. Jest mi niezmiernie mi\u0142o, \u017ce jeste\u015b tutaj ze mn\u0105! Je\u015bli niezale\u017cnie od wieku, p\u0142ci, stanu i rodzaju Twojej sk\u00f3ry pragniesz, aby by\u0142a ona zdrowa i w jak najlepszej mo\u017cliwej kondycji, to dobrze trafi\u0142e\u015b! Nie czekaj i ju\u017c teraz zarezerwuj swoj\u0105 wizyt\u0119! ZAREZERWUJ SW\u00d3J TERMIN! A je\u015bli chcesz dowiedzie\u0107 si\u0119 o mnie wi\u0119cej, zapraszam Ci\u0119 do zak\u0142adki O MNIE.<\/p>\n","protected":false},"author":1,"featured_media":0,"parent":0,"menu_order":0,"comment_status":"closed","ping_status":"closed","template":"","meta":{"footnotes":""},"class_list":["post-41","page","type-page","status-publish","hentry"],"_links":{"self":[{"href":"https:\/\/kosmetologkatowice.pl\/index.php\/wp-json\/wp\/v2\/pages\/41","targetHints":{"allow":["GET"]}}],"collection":[{"href":"https:\/\/kosmetologkatowice.pl\/index.php\/wp-json\/wp\/v2\/pages"}],"about":[{"href":"https:\/\/kosmetologkatowice.pl\/index.php\/wp-json\/wp\/v2\/types\/page"}],"author":[{"embeddable":true,"href":"https:\/\/kosmetologkatowice.pl\/index.php\/wp-json\/wp\/v2\/users\/1"}],"replies":[{"embeddable":true,"href":"https:\/\/kosmetologkatowice.pl\/index.php\/wp-json\/wp\/v2\/comments?post=41"}],"version-history":[{"count":6,"href":"https:\/\/kosmetologkatowice.pl\/index.php\/wp-json\/wp\/v2\/pages\/41\/revisions"}],"predecessor-version":[{"id":240,"href":"https:\/\/kosmetologkatowice.pl\/index.php\/wp-json\/wp\/v2\/pages\/41\/revisions\/240"}],"wp:attachment":[{"href":"https:\/\/kosmetologkatowice.pl\/index.php\/wp-json\/wp\/v2\/media?parent=41"}],"curies":[{"name":"wp","href":"https:\/\/api.w.org\/{rel}","templated":true}]}}