{"id":42,"date":"2025-08-18T16:16:58","date_gmt":"2025-08-18T16:16:58","guid":{"rendered":"https:\/\/kosmetologkatowice.pl\/?page_id=42"},"modified":"2025-12-31T09:43:52","modified_gmt":"2025-12-31T09:43:52","slug":"zabiegi","status":"publish","type":"page","link":"https:\/\/kosmetologkatowice.pl\/index.php\/zabiegi\/","title":{"rendered":"ZABIEGI"},"content":{"rendered":"\n<div class=\"wp-block-columns is-layout-flex wp-container-core-columns-is-layout-9d6595d7 wp-block-columns-is-layout-flex\">\n<div class=\"wp-block-column is-layout-flow wp-block-column-is-layout-flow\">\n<figure class=\"wp-block-gallery has-nested-images columns-default is-cropped wp-block-gallery-1 is-layout-flex wp-block-gallery-is-layout-flex\">\n<figure class=\"wp-block-image size-large\"><img loading=\"lazy\" decoding=\"async\" width=\"683\" height=\"1024\" data-id=\"290\" src=\"https:\/\/kosmetologkatowice.pl\/wp-content\/uploads\/2025\/11\/ChatGPT-Image-7-lis-2025-17_34_10-683x1024.png\" alt=\"\" class=\"wp-image-290\" srcset=\"https:\/\/kosmetologkatowice.pl\/wp-content\/uploads\/2025\/11\/ChatGPT-Image-7-lis-2025-17_34_10-683x1024.png 683w, https:\/\/kosmetologkatowice.pl\/wp-content\/uploads\/2025\/11\/ChatGPT-Image-7-lis-2025-17_34_10-200x300.png 200w, https:\/\/kosmetologkatowice.pl\/wp-content\/uploads\/2025\/11\/ChatGPT-Image-7-lis-2025-17_34_10-768x1152.png 768w, https:\/\/kosmetologkatowice.pl\/wp-content\/uploads\/2025\/11\/ChatGPT-Image-7-lis-2025-17_34_10.png 1024w\" sizes=\"auto, (max-width: 683px) 100vw, 683px\" \/><\/figure>\n<\/figure>\n<\/div>\n\n\n\n<div class=\"wp-block-column is-layout-flow wp-block-column-is-layout-flow\">\n<p class=\"has-text-align-center\"><strong>ZABIEGI I TERAPIE KOSMETOLOGICZNE NA TWARZ<\/strong><\/p>\n\n\n\n<p class=\"has-text-align-left\">W gabinecie wykonuj\u0119 zabiegi dla ka\u017cdego rodzaju i stanu sk\u00f3ry &#8211; pocz\u0105wszy od profilaktyki starzenia, przez sk\u00f3ry z tr\u0105dzikiem, rumieniem, przebarwieniami, rozszerzonymi porami, problemem sucho\u015bci czy innymi problemami sk\u00f3rnymi.<\/p>\n\n\n\n<p>Do mnie nie umawiasz si\u0119 na konkretny zabieg, <br>np. oczyszczanie wodorowe, a wskazujesz to, <br>z czym si\u0119 mierzysz w piel\u0119gnacji Twojej sk\u00f3ry, <br>co Ci przeszkadza lub co chcia\u0142by\u015b uzyska\u0107. Zabieg dobieram indywidualnie do potrzeb Twojej sk\u00f3ry i Twoich oczekiwa\u0144, po wywiadzie i diagnozie.<\/p>\n\n\n\n<p>Aktualn\u0105 ofert\u0119 zabiegow\u0105 i promocyjn\u0105 znajdziesz w <a href=\"https:\/\/booksy.com\/pl-pl\/236250_skin-concept-aleksandra-nowicka_salon-kosmetyczny_11597_katowice#ba_s=seo\" target=\"_blank\" rel=\"noreferrer noopener\">booksy<\/a>. Natomiast je\u015bli masz jakie\u015b pytania dotycz\u0105ce oferty, napisz do mnie wiadomo\u015b\u0107!<\/p>\n<\/div>\n<\/div>\n\n\n\n<p class=\"has-text-align-center\"><\/p>\n\n\n\n<figure class=\"wp-block-table\"><table class=\"has-fixed-layout\"><tbody><tr><td class=\"has-text-align-center\" data-align=\"center\"><strong>ZABIEG<\/strong><\/td><td class=\"has-text-align-center\" data-align=\"center\"><strong>WARTO\u015a\u0106<\/strong><\/td><\/tr><tr><td class=\"has-text-align-center\" data-align=\"center\">masa\u017c twarzy, szyi<br>i dekoltu<\/td><td class=\"has-text-align-center\" data-align=\"center\">od 270 z\u0142<\/td><\/tr><tr><td class=\"has-text-align-center\" data-align=\"center\">zabieg przeciwtr\u0105dzikowy<\/td><td class=\"has-text-align-center\" data-align=\"center\">od 300 z\u0142<\/td><\/tr><tr><td class=\"has-text-align-center\" data-align=\"center\">zabieg rozja\u015bniaj\u0105cy przebarwienia<\/td><td class=\"has-text-align-center\" data-align=\"center\">od 350 z\u0142<\/td><\/tr><tr><td class=\"has-text-align-center\" data-align=\"center\">zabieg dotleniaj\u0105cy<\/td><td class=\"has-text-align-center\" data-align=\"center\">od 350 z\u0142<\/td><\/tr><tr><td class=\"has-text-align-center\" data-align=\"center\">zabieg nawil\u017caj\u0105cy<\/td><td class=\"has-text-align-center\" data-align=\"center\">od 300 z\u0142<\/td><\/tr><tr><td class=\"has-text-align-center\" data-align=\"center\">odbudowa bariery hydrolipidowej<\/td><td class=\"has-text-align-center\" data-align=\"center\">od 300 z\u0142<\/td><\/tr><tr><td class=\"has-text-align-center\" data-align=\"center\">zabieg zw\u0119\u017caj\u0105cy pory<\/td><td class=\"has-text-align-center\" data-align=\"center\">od 300 z\u0142<\/td><\/tr><tr><td class=\"has-text-align-center\" data-align=\"center\">zabieg uj\u0119drniaj\u0105cy<\/td><td class=\"has-text-align-center\" data-align=\"center\">od 350 z\u0142<\/td><\/tr><tr><td class=\"has-text-align-center\" data-align=\"center\">zabieg przeciwzmarszczkowy<\/td><td class=\"has-text-align-center\" data-align=\"center\">od 350 z\u0142<\/td><\/tr><tr><td class=\"has-text-align-center\" data-align=\"center\">zabieg dla sk\u00f3ry naczyniowej\/ z rumieniem\/ tr\u0105dzikiem r\u00f3\u017cowatym <\/td><td class=\"has-text-align-center\" data-align=\"center\">od 300 z\u0142<\/td><\/tr><tr><td class=\"has-text-align-center\" data-align=\"center\">mezoterpia nano- lub mikroig\u0142owa<\/td><td class=\"has-text-align-center\" data-align=\"center\">od 650 z\u0142<\/td><\/tr><tr><td class=\"has-text-align-center\" data-align=\"center\">terapia blizn<\/td><td class=\"has-text-align-center\" data-align=\"center\">od 350 z\u0142<\/td><\/tr><tr><td class=\"has-text-align-center\" data-align=\"center\">wsparcie kuracji dermatologicznej<\/td><td class=\"has-text-align-center\" data-align=\"center\">od 300 z\u0142<\/td><\/tr><tr><td class=\"has-text-align-center\" data-align=\"center\">Full Lips<\/td><td class=\"has-text-align-center\" data-align=\"center\">od 350 z\u0142<\/td><\/tr><tr><td class=\"has-text-align-center\" data-align=\"center\">zabieg fototerapii \u015bwiat\u0142em LED<\/td><td class=\"has-text-align-center\" data-align=\"center\">od 150 z\u0142<\/td><\/tr><\/tbody><\/table><\/figure>\n\n\n\n<hr class=\"wp-block-separator has-alpha-channel-opacity\"\/>\n\n\n\n<div class=\"wp-block-columns is-layout-flex wp-container-core-columns-is-layout-9d6595d7 wp-block-columns-is-layout-flex\">\n<div class=\"wp-block-column is-layout-flow wp-block-column-is-layout-flow\">\n<p class=\"has-text-align-center\"><strong>ZABIEGI TRYCHOLOGICZNE<\/strong><\/p>\n\n\n\n<p>Pracuj\u0119 w nurcie trychologii holistycznej, wi\u0119c pierwsza wizyta to konsultacja, wywiad i badanie trichoskopem, na kt\u00f3rym oceniam stan Twojej sk\u00f3ry g\u0142owy, ale tak\u017ce parametry dotycz\u0105ce w\u0142os\u00f3w i mieszk\u00f3w w\u0142osowych. <\/p>\n\n\n\n<p>Maj\u0105c na uwadze Twoje bezpiecze\u0144stwo, nie wykonuj\u0119 zabieg\u00f3w trychologicznych na pierwszej wizycie bez wcze\u015bniejszego badania trichoskopowego.<\/p>\n\n\n\n<p>Dlatego zanim um\u00f3wisz si\u0119 na zabieg, zacznij od konsultacji trychologicznej.<\/p>\n\n\n\n<p>Aktualn\u0105 ofert\u0119 zabiegow\u0105 i promocyjn\u0105 znajdziesz w <a href=\"https:\/\/booksy.com\/pl-pl\/236250_skin-concept-aleksandra-nowicka_salon-kosmetyczny_11597_katowice#ba_s=seo\" target=\"_blank\" rel=\"noreferrer noopener\">booksy<\/a>. Natomiast je\u015bli masz jakie\u015b pytania dotycz\u0105ce oferty, napisz do mnie wiadomo\u015b\u0107!<\/p>\n<\/div>\n\n\n\n<div class=\"wp-block-column is-layout-flow wp-block-column-is-layout-flow\">\n<figure class=\"wp-block-gallery has-nested-images columns-default is-cropped wp-block-gallery-2 is-layout-flex wp-block-gallery-is-layout-flex\">\n<figure class=\"wp-block-image size-large\"><img loading=\"lazy\" decoding=\"async\" width=\"683\" height=\"1024\" data-id=\"292\" src=\"https:\/\/kosmetologkatowice.pl\/wp-content\/uploads\/2025\/11\/ChatGPT-Image-7-lis-2025-17_36_39-683x1024.png\" alt=\"\" class=\"wp-image-292\" srcset=\"https:\/\/kosmetologkatowice.pl\/wp-content\/uploads\/2025\/11\/ChatGPT-Image-7-lis-2025-17_36_39-683x1024.png 683w, https:\/\/kosmetologkatowice.pl\/wp-content\/uploads\/2025\/11\/ChatGPT-Image-7-lis-2025-17_36_39-200x300.png 200w, https:\/\/kosmetologkatowice.pl\/wp-content\/uploads\/2025\/11\/ChatGPT-Image-7-lis-2025-17_36_39-768x1152.png 768w, https:\/\/kosmetologkatowice.pl\/wp-content\/uploads\/2025\/11\/ChatGPT-Image-7-lis-2025-17_36_39.png 1024w\" sizes=\"auto, (max-width: 683px) 100vw, 683px\" \/><\/figure>\n<\/figure>\n<\/div>\n<\/div>\n\n\n\n<figure class=\"wp-block-table\"><table class=\"has-fixed-layout\"><tbody><tr><td class=\"has-text-align-center\" data-align=\"center\"><strong>ZABIEG<\/strong><\/td><td class=\"has-text-align-center\" data-align=\"center\"><strong>WARTO\u015a\u0106<\/strong><\/td><\/tr><tr><td class=\"has-text-align-center\" data-align=\"center\">konsultacja trychologiczna + badanie trichoskopem<\/td><td class=\"has-text-align-center\" data-align=\"center\">250 z\u0142<\/td><\/tr><tr><td class=\"has-text-align-center\" data-align=\"center\">infuzja sk\u00f3ry g\u0142owy<\/td><td class=\"has-text-align-center\" data-align=\"center\">350 z\u0142<\/td><\/tr><tr><td class=\"has-text-align-center\" data-align=\"center\">mezoterapia mikroig\u0142owa na sk\u00f3r\u0119 g\u0142owy<\/td><td class=\"has-text-align-center\" data-align=\"center\">od 650 z\u0142<\/td><\/tr><tr><td class=\"has-text-align-center\" data-align=\"center\">mezoterpia nanoig\u0142owa na sk\u00f3r\u0119 g\u0142owy <\/td><td class=\"has-text-align-center\" data-align=\"center\">od 650 z\u0142<\/td><\/tr><tr><td class=\"has-text-align-center\" data-align=\"center\">zabieg \u0142agodz\u0105cy dla wra\u017cliwej sk\u00f3ry g\u0142owy<\/td><td class=\"has-text-align-center\" data-align=\"center\">350 z\u0142<\/td><\/tr><tr><td class=\"has-text-align-center\" data-align=\"center\">zabieg stymuluj\u0105cy porost w\u0142os\u00f3w<\/td><td class=\"has-text-align-center\" data-align=\"center\">350 z\u0142<\/td><\/tr><tr><td class=\"has-text-align-center\" data-align=\"center\">zabieg dla przet\u0142uszczaj\u0105cej si\u0119 sk\u00f3ry g\u0142owy<\/td><td class=\"has-text-align-center\" data-align=\"center\">350 z\u0142<\/td><\/tr><tr><td class=\"has-text-align-center\" data-align=\"center\">zabieg nawil\u017caj\u0105cy dla suchej sk\u00f3ry g\u0142owy<\/td><td class=\"has-text-align-center\" data-align=\"center\">350 z\u0142<\/td><\/tr><tr><td class=\"has-text-align-center\" data-align=\"center\">fototerapia LED sk\u00f3ry g\u0142owy<\/td><td class=\"has-text-align-center\" data-align=\"center\">150 z\u0142<\/td><\/tr><\/tbody><\/table><\/figure>\n\n\n\n<hr class=\"wp-block-separator has-alpha-channel-opacity\"\/>\n\n\n\n<p>Je\u015bli natomiast nie wiesz od czego zacz\u0105\u0107, zacznij od <a href=\"https:\/\/kosmetologkatowice.pl\/index.php\/konsultacja\/\" data-type=\"page\" data-id=\"68\">KONSULTACJI<\/a>.<\/p>\n\n\n\n<p><\/p>\n\n\n\n<p><em>*grafiki na tej stronie maj\u0105 charakter pogl\u0105dowy i zosta\u0142y wygenerowane z u\u017cyciem narz\u0119dzi AI.<\/em><\/p>\n\n\n\n<p><\/p>\n","protected":false},"excerpt":{"rendered":"<p>ZABIEGI I TERAPIE KOSMETOLOGICZNE NA TWARZ W gabinecie wykonuj\u0119 zabiegi dla ka\u017cdego rodzaju i stanu sk\u00f3ry &#8211; pocz\u0105wszy od profilaktyki starzenia, przez sk\u00f3ry z tr\u0105dzikiem, rumieniem, przebarwieniami, rozszerzonymi porami, problemem sucho\u015bci czy innymi problemami sk\u00f3rnymi. Do mnie nie umawiasz si\u0119 na konkretny zabieg, np. oczyszczanie wodorowe, a wskazujesz to, z czym si\u0119 mierzysz w piel\u0119gnacji Twojej sk\u00f3ry, co Ci przeszkadza lub co chcia\u0142by\u015b uzyska\u0107. Zabieg dobieram indywidualnie do potrzeb Twojej sk\u00f3ry i Twoich oczekiwa\u0144, po wywiadzie i diagnozie. Aktualn\u0105 ofert\u0119 zabiegow\u0105 i promocyjn\u0105 znajdziesz w booksy. Natomiast je\u015bli masz jakie\u015b pytania dotycz\u0105ce oferty, napisz do mnie wiadomo\u015b\u0107! ZABIEG WARTO\u015a\u0106 masa\u017c twarzy, szyii dekoltu od 270 z\u0142 zabieg przeciwtr\u0105dzikowy od 300 z\u0142 zabieg rozja\u015bniaj\u0105cy przebarwienia od 350 z\u0142 zabieg dotleniaj\u0105cy od 350 z\u0142 zabieg nawil\u017caj\u0105cy od 300 z\u0142 odbudowa bariery hydrolipidowej od 300 z\u0142 zabieg zw\u0119\u017caj\u0105cy pory od 300 z\u0142 zabieg uj\u0119drniaj\u0105cy od 350 z\u0142 zabieg przeciwzmarszczkowy od 350 z\u0142 zabieg dla sk\u00f3ry naczyniowej\/ z rumieniem\/ tr\u0105dzikiem r\u00f3\u017cowatym od 300 z\u0142 mezoterpia nano- lub mikroig\u0142owa od 650 z\u0142 terapia blizn od 350 z\u0142 wsparcie kuracji dermatologicznej od 300 z\u0142 Full Lips od 350 z\u0142 zabieg fototerapii \u015bwiat\u0142em LED od 150 z\u0142 ZABIEGI TRYCHOLOGICZNE Pracuj\u0119 w nurcie trychologii holistycznej, wi\u0119c pierwsza wizyta to konsultacja, wywiad i badanie trichoskopem, na kt\u00f3rym oceniam stan Twojej sk\u00f3ry g\u0142owy, ale tak\u017ce parametry dotycz\u0105ce w\u0142os\u00f3w i mieszk\u00f3w w\u0142osowych. Maj\u0105c na uwadze Twoje bezpiecze\u0144stwo, nie wykonuj\u0119 zabieg\u00f3w trychologicznych na pierwszej wizycie bez wcze\u015bniejszego badania trichoskopowego. Dlatego zanim um\u00f3wisz si\u0119 na zabieg, zacznij od konsultacji trychologicznej. Aktualn\u0105 ofert\u0119 zabiegow\u0105 i promocyjn\u0105 znajdziesz w booksy. Natomiast je\u015bli masz jakie\u015b pytania dotycz\u0105ce oferty, napisz do mnie wiadomo\u015b\u0107! ZABIEG WARTO\u015a\u0106 konsultacja trychologiczna + badanie trichoskopem 250 z\u0142 infuzja sk\u00f3ry g\u0142owy 350 z\u0142 mezoterapia mikroig\u0142owa na sk\u00f3r\u0119 g\u0142owy od 650 z\u0142 mezoterpia nanoig\u0142owa na sk\u00f3r\u0119 g\u0142owy od 650 z\u0142 zabieg \u0142agodz\u0105cy dla wra\u017cliwej sk\u00f3ry g\u0142owy 350 z\u0142 zabieg stymuluj\u0105cy porost w\u0142os\u00f3w 350 z\u0142 zabieg dla przet\u0142uszczaj\u0105cej si\u0119 sk\u00f3ry g\u0142owy 350 z\u0142 zabieg nawil\u017caj\u0105cy dla suchej sk\u00f3ry g\u0142owy 350 z\u0142 fototerapia LED sk\u00f3ry g\u0142owy 150 z\u0142 Je\u015bli natomiast nie wiesz od czego zacz\u0105\u0107, zacznij od KONSULTACJI. *grafiki na tej stronie maj\u0105 charakter pogl\u0105dowy i zosta\u0142y wygenerowane z u\u017cyciem narz\u0119dzi AI.<\/p>\n","protected":false},"author":1,"featured_media":0,"parent":0,"menu_order":0,"comment_status":"closed","ping_status":"closed","template":"","meta":{"footnotes":""},"class_list":["post-42","page","type-page","status-publish","hentry"],"_links":{"self":[{"href":"https:\/\/kosmetologkatowice.pl\/index.php\/wp-json\/wp\/v2\/pages\/42","targetHints":{"allow":["GET"]}}],"collection":[{"href":"https:\/\/kosmetologkatowice.pl\/index.php\/wp-json\/wp\/v2\/pages"}],"about":[{"href":"https:\/\/kosmetologkatowice.pl\/index.php\/wp-json\/wp\/v2\/types\/page"}],"author":[{"embeddable":true,"href":"https:\/\/kosmetologkatowice.pl\/index.php\/wp-json\/wp\/v2\/users\/1"}],"replies":[{"embeddable":true,"href":"https:\/\/kosmetologkatowice.pl\/index.php\/wp-json\/wp\/v2\/comments?post=42"}],"version-history":[{"count":16,"href":"https:\/\/kosmetologkatowice.pl\/index.php\/wp-json\/wp\/v2\/pages\/42\/revisions"}],"predecessor-version":[{"id":324,"href":"https:\/\/kosmetologkatowice.pl\/index.php\/wp-json\/wp\/v2\/pages\/42\/revisions\/324"}],"wp:attachment":[{"href":"https:\/\/kosmetologkatowice.pl\/index.php\/wp-json\/wp\/v2\/media?parent=42"}],"curies":[{"name":"wp","href":"https:\/\/api.w.org\/{rel}","templated":true}]}}