{"id":68,"date":"2025-08-18T17:09:06","date_gmt":"2025-08-18T17:09:06","guid":{"rendered":"https:\/\/kosmetologkatowice.pl\/?page_id=68"},"modified":"2026-02-11T12:03:27","modified_gmt":"2026-02-11T12:03:27","slug":"konsultacja","status":"publish","type":"page","link":"https:\/\/kosmetologkatowice.pl\/index.php\/konsultacja\/","title":{"rendered":"KONSULTACJA"},"content":{"rendered":"\n<p class=\"has-text-align-center\">Nie wiesz od czego zacz\u0105\u0107? Zacznij od konsultacji!<\/p>\n\n\n\n<figure class=\"wp-block-image size-large is-resized\"><img loading=\"lazy\" decoding=\"async\" width=\"1024\" height=\"683\" src=\"https:\/\/kosmetologkatowice.pl\/wp-content\/uploads\/2026\/02\/kosmetologkatowicezabiegbeautyplantradzikporyprzebarwienia-1024x683.jpg\" alt=\"\" class=\"wp-image-343\" style=\"width:797px;height:auto\" srcset=\"https:\/\/kosmetologkatowice.pl\/wp-content\/uploads\/2026\/02\/kosmetologkatowicezabiegbeautyplantradzikporyprzebarwienia-1024x683.jpg 1024w, https:\/\/kosmetologkatowice.pl\/wp-content\/uploads\/2026\/02\/kosmetologkatowicezabiegbeautyplantradzikporyprzebarwienia-300x200.jpg 300w, https:\/\/kosmetologkatowice.pl\/wp-content\/uploads\/2026\/02\/kosmetologkatowicezabiegbeautyplantradzikporyprzebarwienia-768x512.jpg 768w, https:\/\/kosmetologkatowice.pl\/wp-content\/uploads\/2026\/02\/kosmetologkatowicezabiegbeautyplantradzikporyprzebarwienia-1536x1024.jpg 1536w, https:\/\/kosmetologkatowice.pl\/wp-content\/uploads\/2026\/02\/kosmetologkatowicezabiegbeautyplantradzikporyprzebarwienia-2048x1365.jpg 2048w, https:\/\/kosmetologkatowice.pl\/wp-content\/uploads\/2026\/02\/kosmetologkatowicezabiegbeautyplantradzikporyprzebarwienia-364x242.jpg 364w, https:\/\/kosmetologkatowice.pl\/wp-content\/uploads\/2026\/02\/kosmetologkatowicezabiegbeautyplantradzikporyprzebarwienia-1140x760.jpg 1140w\" sizes=\"auto, (max-width: 1024px) 100vw, 1024px\" \/><\/figure>\n\n\n\n<p><\/p>\n\n\n\n<p>Jak ju\u017c zapewne wiesz, pracuj\u0119 w nurcie holistycznym, a wi\u0119c rozmowa z Tob\u0105, wywiad i diagnoza&#8230; od tego wszystko si\u0119 zaczyna! Potem tworz\u0119 dla Ciebie spersonalizowany plan dzia\u0142ania, tak, \u017ceby\u015b ju\u017c d\u0142u\u017cej nie musia\u0142 dzia\u0142a\u0107 po omacku. <\/p>\n\n\n\n<p>Dla kogo jest taka konsultacja? Tak naprawd\u0119 dla ka\u017cdego, niezale\u017cnie od p\u0142ci, wieku, stanu sk\u00f3ry, tego, czy masz z ni\u0105 jakie\u015b problemy i wyzwania, czy te\u017c po prostu chcesz nauczy\u0107 si\u0119 o ni\u0105 dba\u0107. Pami\u0119taj, celem zawsze jest zdrowa sk\u00f3ra! A dzi\u0119ki konsultacji:<\/p>\n\n\n\n<p><strong>1. Poznajesz potrzeby Twojej sk\u00f3ry<\/strong><br>Podczas konsultacji dok\u0142adnie analizuj\u0119 kondycj\u0119 sk\u00f3ry, jej aktualny stan i potrzeby, a tak\u017ce czynniki wp\u0142ywaj\u0105ce na jej wygl\u0105d (zdrowie, styl \u017cycia, dieta ,stres, piel\u0119gnacja domowa). Dzi\u0119ki temu taki plan i Nasze dalsze wsp\u00f3lne dzia\u0142ania s\u0105 w pe\u0142ni dopasowane do Ciebie \u2014 nie do schematu.<\/p>\n\n\n\n<p><strong>2. Uzyskujesz Indywidualny Plan Piel\u0119gnacyjny<\/strong><br>Do tygodnia po konsultacji otrzymujesz spersonalizowany plan piel\u0119gnacyjny. Zawiera on rekomendacje konkretnych kosmetyk\u00f3w, kt\u00f3re realnie wspieraj\u0105 regeneracj\u0119 i zdrowy wygl\u0105d sk\u00f3ry, plan piel\u0119gnacji krok po kroku, a tak\u017ce rozpisk\u0119 zabieg\u00f3w gabinetowych. Je\u015bli zajdzie taka potrzeba, w swoim planie piel\u0119gnacyjnym znajdziesz dodatkowe wskaz\u00f3wki odno\u015bnie profilaktyki zdrowotnej, stylu \u017cycia itd.<\/p>\n\n\n\n<p><strong>3. Jeste\u015b ca\u0142o\u015bci\u0105 &#8211; holistyczne podej\u015bcie<\/strong><br>Pi\u0119kno sk\u00f3ry to efekt harmonii cia\u0142a, emocji i codziennych nawyk\u00f3w. Konsultacja uwzgl\u0119dnia wszystkie te aspekty \u2014 dzi\u0119ki czemu plan dzia\u0142a kompleksowo, nie tylko powierzchownie. Szukamy przyczyny, a nie sposobu na zamaskowanie problemu.<\/p>\n\n\n\n<p><strong>4. Uczysz si\u0119 \u015bwiadomego sk\u00f3rodbania<\/strong><br>Zamiast testowa\u0107 przypadkowe lub viralowe produkty, zyskujesz wiedz\u0119, co naprawd\u0119 dzia\u0142a dla Twojej sk\u00f3ry. Oszcz\u0119dzasz sw\u00f3j cenny czas i pieni\u0105dze.<\/p>\n\n\n\n<p><strong>5. Osi\u0105gasz widoczne i trwa\u0142e efekty<\/strong><br>Systematyczno\u015b\u0107 i indywidualnie dopasowany plan to klucz do zadbanej i przede wszystkim zdrowej sk\u00f3ry. Dzi\u0119ki indywidualnym zaleceniom efekty s\u0105 d\u0142ugotrwa\u0142e, a realizacja planu jest procesem zgodnym z fizjologi\u0105 Twojej sk\u00f3ry. A w mi\u0119dzyczasie uczysz si\u0119 swojej sk\u00f3ry i zyskujesz wiedz\u0119, kt\u00f3r\u0105 mo\u017cesz stosowa\u0107 latami.<\/p>\n\n\n\n<p><strong>6. Czujesz si\u0119 zaopiekowany<\/strong><br>Podczas konsultacji zyskujesz nie tylko pusty plan dzia\u0142ania, ale te\u017c wsparcie specjalisty, kt\u00f3ry przeprowadzi Ci\u0119 przez proces zmian krok po kroku.<\/p>\n\n\n\n<p>W Skin Concept Aleksandra Nowicka masz do wyboru 4 opcje konsultacji holistycznych:<\/p>\n\n\n\n<ul class=\"wp-block-list\">\n<li>Pierwsza wizyta Skin Concept (plan piel\u0119gnacyjny)<\/li>\n\n\n\n<li>Pierwsza wizyta Skin Concept (plan piel\u0119gnacyjny + zabieg)<\/li>\n\n\n\n<li>Konsultacja trychologiczna + badanie trichoskopem<\/li>\n\n\n\n<li>Holistyczna konsultacja (kosmetologiczna i trychologiczna)<\/li>\n<\/ul>\n\n\n\n<p>Dodatkowo, je\u015bli by\u0142e\u015b ju\u017c moim Klientem, ale od czasu ostatniej wizyty min\u0119\u0142y 3 miesi\u0105ce lub wi\u0119cej, mo\u017cesz skorzysta\u0107 z rekonsultacji, w trakcie kt\u00f3rej zaktualizujemy Tw\u00f3j Plan Terapeutyczny!<\/p>\n\n\n\n<p><a href=\"https:\/\/booksy.com\/pl-pl\/236250_skin-concept-aleksandra-nowicka_salon-kosmetyczny_11597_katowice#ba_s=seo\" target=\"_blank\" rel=\"noreferrer noopener\">ZAREZERWUJ TERMIN ONLINE<\/a><\/p>\n\n\n\n<p><\/p>\n","protected":false},"excerpt":{"rendered":"<p>Nie wiesz od czego zacz\u0105\u0107? Zacznij od konsultacji! Jak ju\u017c zapewne wiesz, pracuj\u0119 w nurcie holistycznym, a wi\u0119c rozmowa z Tob\u0105, wywiad i diagnoza&#8230; od tego wszystko si\u0119 zaczyna! Potem tworz\u0119 dla Ciebie spersonalizowany plan dzia\u0142ania, tak, \u017ceby\u015b ju\u017c d\u0142u\u017cej nie musia\u0142 dzia\u0142a\u0107 po omacku. Dla kogo jest taka konsultacja? Tak naprawd\u0119 dla ka\u017cdego, niezale\u017cnie od p\u0142ci, wieku, stanu sk\u00f3ry, tego, czy masz z ni\u0105 jakie\u015b problemy i wyzwania, czy te\u017c po prostu chcesz nauczy\u0107 si\u0119 o ni\u0105 dba\u0107. Pami\u0119taj, celem zawsze jest zdrowa sk\u00f3ra! A dzi\u0119ki konsultacji: 1. Poznajesz potrzeby Twojej sk\u00f3ryPodczas konsultacji dok\u0142adnie analizuj\u0119 kondycj\u0119 sk\u00f3ry, jej aktualny stan i potrzeby, a tak\u017ce czynniki wp\u0142ywaj\u0105ce na jej wygl\u0105d (zdrowie, styl \u017cycia, dieta ,stres, piel\u0119gnacja domowa). Dzi\u0119ki temu taki plan i Nasze dalsze wsp\u00f3lne dzia\u0142ania s\u0105 w pe\u0142ni dopasowane do Ciebie \u2014 nie do schematu. 2. Uzyskujesz Indywidualny Plan Piel\u0119gnacyjnyDo tygodnia po konsultacji otrzymujesz spersonalizowany plan piel\u0119gnacyjny. Zawiera on rekomendacje konkretnych kosmetyk\u00f3w, kt\u00f3re realnie wspieraj\u0105 regeneracj\u0119 i zdrowy wygl\u0105d sk\u00f3ry, plan piel\u0119gnacji krok po kroku, a tak\u017ce rozpisk\u0119 zabieg\u00f3w gabinetowych. Je\u015bli zajdzie taka potrzeba, w swoim planie piel\u0119gnacyjnym znajdziesz dodatkowe wskaz\u00f3wki odno\u015bnie profilaktyki zdrowotnej, stylu \u017cycia itd. 3. Jeste\u015b ca\u0142o\u015bci\u0105 &#8211; holistyczne podej\u015bciePi\u0119kno sk\u00f3ry to efekt harmonii cia\u0142a, emocji i codziennych nawyk\u00f3w. Konsultacja uwzgl\u0119dnia wszystkie te aspekty \u2014 dzi\u0119ki czemu plan dzia\u0142a kompleksowo, nie tylko powierzchownie. Szukamy przyczyny, a nie sposobu na zamaskowanie problemu. 4. Uczysz si\u0119 \u015bwiadomego sk\u00f3rodbaniaZamiast testowa\u0107 przypadkowe lub viralowe produkty, zyskujesz wiedz\u0119, co naprawd\u0119 dzia\u0142a dla Twojej sk\u00f3ry. Oszcz\u0119dzasz sw\u00f3j cenny czas i pieni\u0105dze. 5. Osi\u0105gasz widoczne i trwa\u0142e efektySystematyczno\u015b\u0107 i indywidualnie dopasowany plan to klucz do zadbanej i przede wszystkim zdrowej sk\u00f3ry. Dzi\u0119ki indywidualnym zaleceniom efekty s\u0105 d\u0142ugotrwa\u0142e, a realizacja planu jest procesem zgodnym z fizjologi\u0105 Twojej sk\u00f3ry. A w mi\u0119dzyczasie uczysz si\u0119 swojej sk\u00f3ry i zyskujesz wiedz\u0119, kt\u00f3r\u0105 mo\u017cesz stosowa\u0107 latami. 6. Czujesz si\u0119 zaopiekowanyPodczas konsultacji zyskujesz nie tylko pusty plan dzia\u0142ania, ale te\u017c wsparcie specjalisty, kt\u00f3ry przeprowadzi Ci\u0119 przez proces zmian krok po kroku. W Skin Concept Aleksandra Nowicka masz do wyboru 4 opcje konsultacji holistycznych: Dodatkowo, je\u015bli by\u0142e\u015b ju\u017c moim Klientem, ale od czasu ostatniej wizyty min\u0119\u0142y 3 miesi\u0105ce lub wi\u0119cej, mo\u017cesz skorzysta\u0107 z rekonsultacji, w trakcie kt\u00f3rej zaktualizujemy Tw\u00f3j Plan Terapeutyczny! ZAREZERWUJ TERMIN ONLINE<\/p>\n","protected":false},"author":1,"featured_media":0,"parent":0,"menu_order":0,"comment_status":"closed","ping_status":"closed","template":"","meta":{"footnotes":""},"class_list":["post-68","page","type-page","status-publish","hentry"],"_links":{"self":[{"href":"https:\/\/kosmetologkatowice.pl\/index.php\/wp-json\/wp\/v2\/pages\/68","targetHints":{"allow":["GET"]}}],"collection":[{"href":"https:\/\/kosmetologkatowice.pl\/index.php\/wp-json\/wp\/v2\/pages"}],"about":[{"href":"https:\/\/kosmetologkatowice.pl\/index.php\/wp-json\/wp\/v2\/types\/page"}],"author":[{"embeddable":true,"href":"https:\/\/kosmetologkatowice.pl\/index.php\/wp-json\/wp\/v2\/users\/1"}],"replies":[{"embeddable":true,"href":"https:\/\/kosmetologkatowice.pl\/index.php\/wp-json\/wp\/v2\/comments?post=68"}],"version-history":[{"count":13,"href":"https:\/\/kosmetologkatowice.pl\/index.php\/wp-json\/wp\/v2\/pages\/68\/revisions"}],"predecessor-version":[{"id":348,"href":"https:\/\/kosmetologkatowice.pl\/index.php\/wp-json\/wp\/v2\/pages\/68\/revisions\/348"}],"wp:attachment":[{"href":"https:\/\/kosmetologkatowice.pl\/index.php\/wp-json\/wp\/v2\/media?parent=68"}],"curies":[{"name":"wp","href":"https:\/\/api.w.org\/{rel}","templated":true}]}}